{"id":1152,"date":"2020-07-21T14:45:12","date_gmt":"2020-07-21T12:45:12","guid":{"rendered":"http:\/\/www.interartes.eu\/?page_id=1152"},"modified":"2020-09-15T10:39:31","modified_gmt":"2020-09-15T08:39:31","slug":"impressum","status":"publish","type":"page","link":"https:\/\/www.interartes.eu\/index.php\/impressum\/","title":{"rendered":"Impressum"},"content":{"rendered":"\t\t<div data-elementor-type=\"wp-page\" data-elementor-id=\"1152\" class=\"elementor elementor-1152\">\n\t\t\t\t\t\t<section class=\"elementor-section elementor-top-section elementor-element elementor-element-9e08137 elementor-section-boxed elementor-section-height-default elementor-section-height-default\" data-id=\"9e08137\" data-element_type=\"section\" data-e-type=\"section\" data-settings=\"{&quot;background_background&quot;:&quot;classic&quot;}\">\n\t\t\t\t\t\t<div class=\"elementor-container elementor-column-gap-default\">\n\t\t\t\t\t<div class=\"elementor-column elementor-col-100 elementor-top-column elementor-element elementor-element-4a80843\" data-id=\"4a80843\" data-element_type=\"column\" data-e-type=\"column\">\n\t\t\t<div class=\"elementor-widget-wrap elementor-element-populated\">\n\t\t\t\t\t\t<div class=\"elementor-element elementor-element-b0b2f4c elementor-invisible elementor-widget elementor-widget-heading\" data-id=\"b0b2f4c\" data-element_type=\"widget\" data-e-type=\"widget\" data-settings=\"{&quot;_animation&quot;:&quot;fadeInLeft&quot;}\" data-widget_type=\"heading.default\">\n\t\t\t\t<div class=\"elementor-widget-container\">\n\t\t\t\t\t<h3 class=\"elementor-heading-title elementor-size-default\">Impressum<\/h3>\t\t\t\t<\/div>\n\t\t\t\t<\/div>\n\t\t\t\t\t<\/div>\n\t\t<\/div>\n\t\t\t\t\t<\/div>\n\t\t<\/section>\n\t\t\t\t<section class=\"elementor-section elementor-top-section elementor-element elementor-element-a709a7b elementor-section-full_width elementor-section-height-default elementor-section-height-default\" data-id=\"a709a7b\" data-element_type=\"section\" data-e-type=\"section\" data-settings=\"{&quot;background_background&quot;:&quot;classic&quot;}\">\n\t\t\t\t\t\t<div class=\"elementor-container elementor-column-gap-default\">\n\t\t\t\t\t<div class=\"elementor-column elementor-col-100 elementor-top-column elementor-element elementor-element-a16a617\" data-id=\"a16a617\" data-element_type=\"column\" data-e-type=\"column\">\n\t\t\t<div class=\"elementor-widget-wrap elementor-element-populated\">\n\t\t\t\t\t\t<section class=\"elementor-section elementor-inner-section elementor-element elementor-element-8f7b9d1 elementor-section-boxed elementor-section-height-default elementor-section-height-default\" data-id=\"8f7b9d1\" data-element_type=\"section\" data-e-type=\"section\">\n\t\t\t\t\t\t<div class=\"elementor-container elementor-column-gap-default\">\n\t\t\t\t\t<div class=\"elementor-column elementor-col-25 elementor-inner-column elementor-element elementor-element-d55517f\" data-id=\"d55517f\" data-element_type=\"column\" data-e-type=\"column\">\n\t\t\t<div class=\"elementor-widget-wrap\">\n\t\t\t\t\t\t\t<\/div>\n\t\t<\/div>\n\t\t\t\t<div class=\"elementor-column elementor-col-25 elementor-inner-column elementor-element elementor-element-29d210e\" data-id=\"29d210e\" data-element_type=\"column\" data-e-type=\"column\">\n\t\t\t<div class=\"elementor-widget-wrap\">\n\t\t\t\t\t\t\t<\/div>\n\t\t<\/div>\n\t\t\t\t<div class=\"elementor-column elementor-col-25 elementor-inner-column elementor-element elementor-element-86a466f\" data-id=\"86a466f\" data-element_type=\"column\" data-e-type=\"column\">\n\t\t\t<div class=\"elementor-widget-wrap\">\n\t\t\t\t\t\t\t<\/div>\n\t\t<\/div>\n\t\t\t\t<div class=\"elementor-column elementor-col-25 elementor-inner-column elementor-element elementor-element-62bca79\" data-id=\"62bca79\" data-element_type=\"column\" data-e-type=\"column\">\n\t\t\t<div class=\"elementor-widget-wrap\">\n\t\t\t\t\t\t\t<\/div>\n\t\t<\/div>\n\t\t\t\t\t<\/div>\n\t\t<\/section>\n\t\t\t\t\t<\/div>\n\t\t<\/div>\n\t\t\t\t\t<\/div>\n\t\t<\/section>\n\t\t\t\t<section class=\"elementor-section elementor-top-section elementor-element elementor-element-ba3a529 elementor-section-boxed elementor-section-height-default elementor-section-height-default\" data-id=\"ba3a529\" data-element_type=\"section\" data-e-type=\"section\">\n\t\t\t\t\t\t<div class=\"elementor-container elementor-column-gap-default\">\n\t\t\t\t\t<div class=\"elementor-column elementor-col-100 elementor-top-column elementor-element elementor-element-1598fa4\" data-id=\"1598fa4\" data-element_type=\"column\" data-e-type=\"column\">\n\t\t\t<div class=\"elementor-widget-wrap elementor-element-populated\">\n\t\t\t\t\t\t<div class=\"elementor-element elementor-element-4e00a3c elementor-widget elementor-widget-text-editor\" data-id=\"4e00a3c\" data-element_type=\"widget\" data-e-type=\"widget\" data-widget_type=\"text-editor.default\">\n\t\t\t\t<div class=\"elementor-widget-container\">\n\t\t\t\t\t\t\t\t\t<p><strong>IMPRESSUM<\/strong><\/p><p><strong>Angaben gem. \u00a7 5 TMG<\/strong><\/p><p><br \/><strong>INTERARTES<\/strong> Mediengestaltung Filmproduktion Totaltheater GmbH<br \/>Gelsenkirchener Stra\u00dfe 181<br \/>45309 Essen<br \/>Deutschland<\/p><p><strong>vertreten durch:<\/strong> Gesch\u00e4ftsf\u00fchrer Dirk Kottmann<\/p><p><strong>Tel.:<\/strong> 02018305000<br \/><strong>Fax:<\/strong> 02018305001<\/p><p><strong>E-Mail:<\/strong> info@interartes.tv<br \/><strong>Webseite:<\/strong> www.interartes.tv<\/p><p><strong>Register:<\/strong> Handelsregister<br \/><strong>Registernummer:<\/strong> HRB 11076<br \/><strong>Registergericht:<\/strong> Amtgericht Essen<br \/><strong>UID-Nummer:<\/strong> DE169611658<\/p><p>\u00a0<\/p><p><strong>COPYRIGHT<\/strong><\/p><p>S\u00e4mtliche Seiten und Abbildungen in den Webangeboten der INTERARTES GmbH sind, soweit nicht anders vermerkt, urheberrechtlich gesch\u00fctzt. Die Reproduktion von Seiteninhalten (auch auszugsweise) bedarf der ausdr\u00fccklichen schriftlichen Genehmigung durch die INTERARTES GmbH.<br \/>Externe Referenzen auf Seiten der INTERARTES GmbH sind jederzeit erlaubt, solange die Inhalte der Ursprungsseiten mit den Interessen der INTERARTES GmbH nicht kollidieren. Bei R\u00fcckfragen diesbez\u00fcglich wenden Sie sich bitte an Herrn Dirk Kottmann.<\/p>\t\t\t\t\t\t\t\t<\/div>\n\t\t\t\t<\/div>\n\t\t\t\t\t<\/div>\n\t\t<\/div>\n\t\t\t\t\t<\/div>\n\t\t<\/section>\n\t\t\t\t<section class=\"elementor-section elementor-top-section elementor-element elementor-element-2bf430f elementor-section-full_width elementor-section-height-default elementor-section-height-default\" data-id=\"2bf430f\" data-element_type=\"section\" data-e-type=\"section\">\n\t\t\t\t\t\t<div class=\"elementor-container elementor-column-gap-no\">\n\t\t\t\t\t<div class=\"elementor-column elementor-col-100 elementor-top-column elementor-element elementor-element-7d3aed3\" data-id=\"7d3aed3\" data-element_type=\"column\" data-e-type=\"column\">\n\t\t\t<div class=\"elementor-widget-wrap\">\n\t\t\t\t\t\t\t<\/div>\n\t\t<\/div>\n\t\t\t\t\t<\/div>\n\t\t<\/section>\n\t\t\t\t<section class=\"elementor-section elementor-top-section elementor-element elementor-element-2b8ab7a elementor-section-boxed elementor-section-height-default elementor-section-height-default\" data-id=\"2b8ab7a\" data-element_type=\"section\" data-e-type=\"section\" data-settings=\"{&quot;background_background&quot;:&quot;classic&quot;}\">\n\t\t\t\t\t\t<div class=\"elementor-container elementor-column-gap-default\">\n\t\t\t\t\t<div class=\"elementor-column elementor-col-100 elementor-top-column elementor-element elementor-element-891c3bd\" data-id=\"891c3bd\" data-element_type=\"column\" data-e-type=\"column\">\n\t\t\t<div class=\"elementor-widget-wrap elementor-element-populated\">\n\t\t\t\t\t\t<div class=\"elementor-element elementor-element-efcafe9 elementor-widget elementor-widget-image-carousel\" data-id=\"efcafe9\" data-element_type=\"widget\" data-e-type=\"widget\" data-settings=\"{&quot;slides_to_show&quot;:&quot;4&quot;,&quot;navigation&quot;:&quot;none&quot;,&quot;slides_to_show_tablet&quot;:&quot;3&quot;,&quot;slides_to_show_mobile&quot;:&quot;2&quot;,&quot;autoplay&quot;:&quot;yes&quot;,&quot;pause_on_hover&quot;:&quot;yes&quot;,&quot;pause_on_interaction&quot;:&quot;yes&quot;,&quot;autoplay_speed&quot;:5000,&quot;infinite&quot;:&quot;yes&quot;,&quot;speed&quot;:500}\" data-widget_type=\"image-carousel.default\">\n\t\t\t\t<div class=\"elementor-widget-container\">\n\t\t\t\t\t\t\t<div class=\"elementor-image-carousel-wrapper swiper\" role=\"region\" aria-roledescription=\"carousel\" aria-label=\"Bild Karussell\" dir=\"ltr\">\n\t\t\t<div class=\"elementor-image-carousel swiper-wrapper\" aria-live=\"off\">\n\t\t\t\t\t\t\t\t<div class=\"swiper-slide\" role=\"group\" aria-roledescription=\"slide\" aria-label=\"1 von 4\"><figure class=\"swiper-slide-inner\"><img decoding=\"async\" class=\"swiper-slide-image\" src=\"https:\/\/www.interartes.eu\/wp-content\/uploads\/2020\/07\/tenor-neg.png\" alt=\"tenor-neg\" \/><\/figure><\/div><div class=\"swiper-slide\" role=\"group\" aria-roledescription=\"slide\" aria-label=\"2 von 4\"><figure class=\"swiper-slide-inner\"><img decoding=\"async\" class=\"swiper-slide-image\" src=\"https:\/\/www.interartes.eu\/wp-content\/uploads\/2020\/07\/okia-neg.png\" alt=\"okia-neg\" \/><\/figure><\/div><div class=\"swiper-slide\" role=\"group\" aria-roledescription=\"slide\" aria-label=\"3 von 4\"><figure class=\"swiper-slide-inner\"><img decoding=\"async\" class=\"swiper-slide-image\" src=\"https:\/\/www.interartes.eu\/wp-content\/uploads\/2020\/07\/iamag-neg.png\" alt=\"iamag-neg\" \/><\/figure><\/div><div class=\"swiper-slide\" role=\"group\" aria-roledescription=\"slide\" aria-label=\"4 von 4\"><figure class=\"swiper-slide-inner\"><img decoding=\"async\" class=\"swiper-slide-image\" src=\"https:\/\/www.interartes.eu\/wp-content\/uploads\/2020\/07\/futurelab-neg.png\" alt=\"futurelab-neg\" \/><\/figure><\/div>\t\t\t<\/div>\n\t\t\t\t\t\t\t\n\t\t\t\t\t\t\t\t\t<\/div>\n\t\t\t\t\t\t<\/div>\n\t\t\t\t<\/div>\n\t\t\t\t\t<\/div>\n\t\t<\/div>\n\t\t\t\t\t<\/div>\n\t\t<\/section>\n\t\t\t\t<\/div>\n\t\t","protected":false},"excerpt":{"rendered":"<p>Impressum IMPRESSUM Angaben gem. \u00a7 5 TMG INTERARTES Mediengestaltung Filmproduktion Totaltheater GmbHGelsenkirchener Stra\u00dfe 18145309 EssenDeutschland vertreten durch: Gesch\u00e4ftsf\u00fchrer Dirk Kottmann Tel.: 02018305000Fax: 02018305001 E-Mail: info@interartes.tvWebseite: www.interartes.tv Register: HandelsregisterRegisternummer: HRB 11076Registergericht: Amtgericht EssenUID-Nummer: DE169611658 \u00a0 COPYRIGHT S\u00e4mtliche Seiten und Abbildungen in den Webangeboten der INTERARTES GmbH sind, soweit nicht anders vermerkt, urheberrechtlich gesch\u00fctzt. Die Reproduktion von [&hellip;]<\/p>\n","protected":false},"author":1,"featured_media":0,"parent":0,"menu_order":0,"comment_status":"closed","ping_status":"closed","template":"page-templates\/pagebuilder.php","meta":{"zakra_page_container_layout":"stretched","zakra_page_sidebar_layout":"no_sidebar","zakra_remove_content_margin":false,"zakra_sidebar":"customizer","zakra_transparent_header":"1","zakra_logo":0,"zakra_main_header_style":"default","zakra_menu_item_color":"","zakra_menu_item_hover_color":"","zakra_menu_item_active_color":"","zakra_menu_active_style":"","zakra_page_header":false,"footnotes":""},"class_list":["post-1152","page","type-page","status-publish","hentry"],"_links":{"self":[{"href":"https:\/\/www.interartes.eu\/index.php\/wp-json\/wp\/v2\/pages\/1152","targetHints":{"allow":["GET"]}}],"collection":[{"href":"https:\/\/www.interartes.eu\/index.php\/wp-json\/wp\/v2\/pages"}],"about":[{"href":"https:\/\/www.interartes.eu\/index.php\/wp-json\/wp\/v2\/types\/page"}],"author":[{"embeddable":true,"href":"https:\/\/www.interartes.eu\/index.php\/wp-json\/wp\/v2\/users\/1"}],"replies":[{"embeddable":true,"href":"https:\/\/www.interartes.eu\/index.php\/wp-json\/wp\/v2\/comments?post=1152"}],"version-history":[{"count":11,"href":"https:\/\/www.interartes.eu\/index.php\/wp-json\/wp\/v2\/pages\/1152\/revisions"}],"predecessor-version":[{"id":1570,"href":"https:\/\/www.interartes.eu\/index.php\/wp-json\/wp\/v2\/pages\/1152\/revisions\/1570"}],"wp:attachment":[{"href":"https:\/\/www.interartes.eu\/index.php\/wp-json\/wp\/v2\/media?parent=1152"}],"curies":[{"name":"wp","href":"https:\/\/api.w.org\/{rel}","templated":true}]}}